{"id":276,"date":"2025-01-03T15:21:59","date_gmt":"2025-01-03T15:21:59","guid":{"rendered":"https:\/\/maroclovers.com\/emmanuel-robinson\/"},"modified":"2026-04-16T18:02:15","modified_gmt":"2026-04-16T18:02:15","slug":"emmanuel-robinson","status":"publish","type":"page","link":"https:\/\/maroclovers.com\/es\/emmanuel-robinson\/","title":{"rendered":"Sobre Emmanuel ROBINSON"},"content":{"rendered":"\n<p>Conozca a Emmanuel, cofundador con su hermana <a href=\"https:\/\/maroclovers.com\/es\/claire-robinson\/\" target=\"_blank\" rel=\"noreferrer noopener\">Claire<\/a> de Region Lovers, una feliz empresa que lleva m\u00e1s de 10 a\u00f1os viajando por el mundo para ofrecerle informaci\u00f3n \u00abreal certificada\u00bb, \u00fatil y de gran calidad. Queremos ayudarle a tomar las decisiones que necesita para construir un viaje a su medida.<\/p>\n\n<p>El equipo ha crecido con los a\u00f1os, pero Emmanuel, como todos los autores de Region Lovers, respeta un marco y unos valores, con el fin de cumplir nuestro contrato de confianza con nuestros lectores. Afortunadamente, sin embargo, cada art\u00edculo es siempre un reflejo de su autor y de sus pasiones.<\/p>\n\n<figure class=\"wp-block-image size-large\"><img decoding=\"async\" src=\"https:\/\/photos.smugmug.com\/Region-Lovers\/Equipe\/i-rHp5vtv\/0\/DxhGfR3RHZSTt9vfBxH7TBtFTC5vkk673Gmjm7MHS\/L\/manu-L.jpg\" alt=\"\"\/><\/figure>\n\n<h2 class=\"wp-block-heading\">Su carrera<\/h2>\n\n<ul class=\"wp-block-list\">\n<li>6 a\u00f1os en el Parlamento franc\u00e9s, descubriendo el funcionamiento del Estado y el mundo de la pol\u00edtica<\/li>\n\n\n\n<li>10 a\u00f1os realizando pruebas en agencias de comunicaci\u00f3n de todos los tama\u00f1os.<\/li>\n\n\n\n<li>5 a\u00f1os en el silencioso mundo de una gran compa\u00f1\u00eda de seguros.<\/li>\n\n\n\n<li>Desde 2022, 4000% en la aventura de Region Lovers<\/li>\n<\/ul>\n\n<p class=\"has-text-align-left\">Descubre tu <a href=\"https:\/\/www.linkedin.com\/in\/emmanuel-robinson-75015\/\" target=\"_blank\" rel=\"noreferrer noopener\">perfil en Linkedin<\/a><\/p>\n\n<h2 class=\"wp-block-heading\">Lo que m\u00e1s le gusta escribir<\/h2>\n\n<ul class=\"wp-block-list\">\n<li>Art\u00edculos sobre restaurantes, porque es un aut\u00e9ntico gourmet.<\/li>\n\n\n\n<li>Lugares hist\u00f3ricos (castillos, catedrales, etc.), donde le gusta desenterrar esa an\u00e9cdota especial que a\u00f1ade un poco m\u00e1s de alma a su art\u00edculo, y compartir con usted su pasi\u00f3n por la historia.<\/li>\n\n\n\n<li>Itinerarios para combinar h\u00e1bilmente las etapas y ofrecer a nuestros lectores uno o varios d\u00edas estupendos.<\/li>\n<\/ul>\n","protected":false},"excerpt":{"rendered":"<p>Conozca a Emmanuel, cofundador con su hermana Claire de Region Lovers, una feliz empresa que lleva m\u00e1s de 10 a\u00f1os viajando por el mundo para ofrecerle informaci\u00f3n \u00abreal certificada\u00bb, \u00fatil y de gran calidad. Queremos ayudarle a tomar las decisiones que necesita para construir un viaje a su medida. El equipo ha crecido con los [&hellip;]<\/p>\n","protected":false},"author":1,"featured_media":0,"parent":0,"menu_order":0,"comment_status":"closed","ping_status":"closed","template":"","meta":{"_genesis_hide_title":false,"_genesis_hide_breadcrumbs":false,"_genesis_hide_singular_image":false,"_genesis_hide_footer_widgets":false,"_genesis_custom_body_class":"","_genesis_custom_post_class":"","_genesis_layout":"","footnotes":""},"class_list":{"0":"post-276","1":"page","2":"type-page","3":"status-publish","5":"entry"},"yoast_head":"<!-- This site is optimized with the Yoast SEO plugin v27.5 - https:\/\/yoast.com\/product\/yoast-seo-wordpress\/ -->\n<title>Sobre Emmanuel ROBINSON<\/title>\n<meta name=\"description\" content=\"M\u00e1s informaci\u00f3n sobre Emmanuel Robinson, cofundador de Region Lovers\" \/>\n<meta name=\"robots\" content=\"index, follow, max-snippet:-1, max-image-preview:large, max-video-preview:-1\" \/>\n<link rel=\"canonical\" href=\"https:\/\/maroclovers.com\/es\/emmanuel-robinson\/\" \/>\n<meta property=\"og:locale\" content=\"es_ES\" \/>\n<meta property=\"og:type\" content=\"article\" \/>\n<meta property=\"og:title\" content=\"Sobre Emmanuel ROBINSON\" \/>\n<meta property=\"og:description\" content=\"M\u00e1s informaci\u00f3n sobre Emmanuel Robinson, cofundador de Region Lovers\" \/>\n<meta property=\"og:url\" content=\"https:\/\/maroclovers.com\/es\/emmanuel-robinson\/\" \/>\n<meta property=\"og:site_name\" content=\"Maroc Lovers\" \/>\n<meta property=\"article:modified_time\" content=\"2026-04-16T18:02:15+00:00\" \/>\n<meta property=\"og:image\" content=\"https:\/\/photos.smugmug.com\/Region-Lovers\/Equipe\/i-rHp5vtv\/0\/DxhGfR3RHZSTt9vfBxH7TBtFTC5vkk673Gmjm7MHS\/L\/manu-L.jpg\" \/>\n<meta name=\"twitter:card\" content=\"summary_large_image\" \/>\n<meta name=\"twitter:label1\" content=\"Est. reading time\" \/>\n\t<meta name=\"twitter:data1\" content=\"1 minuto\" \/>\n<script type=\"application\/ld+json\" class=\"yoast-schema-graph\">{\"@context\":\"https:\\\/\\\/schema.org\",\"@graph\":[{\"@type\":\"WebPage\",\"@id\":\"https:\\\/\\\/maroclovers.com\\\/es\\\/emmanuel-robinson\\\/\",\"url\":\"https:\\\/\\\/maroclovers.com\\\/es\\\/emmanuel-robinson\\\/\",\"name\":\"Sobre Emmanuel ROBINSON\",\"isPartOf\":{\"@id\":\"https:\\\/\\\/maroclovers.com\\\/es\\\/#website\"},\"primaryImageOfPage\":{\"@id\":\"https:\\\/\\\/maroclovers.com\\\/es\\\/emmanuel-robinson\\\/#primaryimage\"},\"image\":{\"@id\":\"https:\\\/\\\/maroclovers.com\\\/es\\\/emmanuel-robinson\\\/#primaryimage\"},\"thumbnailUrl\":\"https:\\\/\\\/photos.smugmug.com\\\/Region-Lovers\\\/Equipe\\\/i-rHp5vtv\\\/0\\\/DxhGfR3RHZSTt9vfBxH7TBtFTC5vkk673Gmjm7MHS\\\/L\\\/manu-L.jpg\",\"datePublished\":\"2025-01-03T15:21:59+00:00\",\"dateModified\":\"2026-04-16T18:02:15+00:00\",\"description\":\"M\u00e1s informaci\u00f3n sobre Emmanuel Robinson, cofundador de Region Lovers\",\"breadcrumb\":{\"@id\":\"https:\\\/\\\/maroclovers.com\\\/es\\\/emmanuel-robinson\\\/#breadcrumb\"},\"inLanguage\":\"es\",\"potentialAction\":[{\"@type\":\"ReadAction\",\"target\":[\"https:\\\/\\\/maroclovers.com\\\/es\\\/emmanuel-robinson\\\/\"]}]},{\"@type\":\"ImageObject\",\"inLanguage\":\"es\",\"@id\":\"https:\\\/\\\/maroclovers.com\\\/es\\\/emmanuel-robinson\\\/#primaryimage\",\"url\":\"https:\\\/\\\/photos.smugmug.com\\\/Region-Lovers\\\/Equipe\\\/i-rHp5vtv\\\/0\\\/DxhGfR3RHZSTt9vfBxH7TBtFTC5vkk673Gmjm7MHS\\\/L\\\/manu-L.jpg\",\"contentUrl\":\"https:\\\/\\\/photos.smugmug.com\\\/Region-Lovers\\\/Equipe\\\/i-rHp5vtv\\\/0\\\/DxhGfR3RHZSTt9vfBxH7TBtFTC5vkk673Gmjm7MHS\\\/L\\\/manu-L.jpg\"},{\"@type\":\"BreadcrumbList\",\"@id\":\"https:\\\/\\\/maroclovers.com\\\/es\\\/emmanuel-robinson\\\/#breadcrumb\",\"itemListElement\":[{\"@type\":\"ListItem\",\"position\":1,\"name\":\"Home\",\"item\":\"https:\\\/\\\/maroclovers.com\\\/es\\\/\"},{\"@type\":\"ListItem\",\"position\":2,\"name\":\"Sobre Emmanuel ROBINSON\"}]},{\"@type\":\"WebSite\",\"@id\":\"https:\\\/\\\/maroclovers.com\\\/es\\\/#website\",\"url\":\"https:\\\/\\\/maroclovers.com\\\/es\\\/\",\"name\":\"Maroc Lovers\",\"description\":\"\",\"publisher\":{\"@id\":\"https:\\\/\\\/maroclovers.com\\\/es\\\/#organization\"},\"potentialAction\":[{\"@type\":\"SearchAction\",\"target\":{\"@type\":\"EntryPoint\",\"urlTemplate\":\"https:\\\/\\\/maroclovers.com\\\/es\\\/?s={search_term_string}\"},\"query-input\":{\"@type\":\"PropertyValueSpecification\",\"valueRequired\":true,\"valueName\":\"search_term_string\"}}],\"inLanguage\":\"es\"},{\"@type\":\"Organization\",\"@id\":\"https:\\\/\\\/maroclovers.com\\\/es\\\/#organization\",\"name\":\"Maroc Lovers\",\"url\":\"https:\\\/\\\/maroclovers.com\\\/es\\\/\",\"logo\":{\"@type\":\"ImageObject\",\"inLanguage\":\"es\",\"@id\":\"https:\\\/\\\/maroclovers.com\\\/es\\\/#\\\/schema\\\/logo\\\/image\\\/\",\"url\":\"https:\\\/\\\/maroclovers.com\\\/wp-content\\\/uploads\\\/2025\\\/01\\\/Maroc-Lovers-Logos-RVB_Principal-bicolore.png\",\"contentUrl\":\"https:\\\/\\\/maroclovers.com\\\/wp-content\\\/uploads\\\/2025\\\/01\\\/Maroc-Lovers-Logos-RVB_Principal-bicolore.png\",\"width\":2305,\"height\":746,\"caption\":\"Maroc Lovers\"},\"image\":{\"@id\":\"https:\\\/\\\/maroclovers.com\\\/es\\\/#\\\/schema\\\/logo\\\/image\\\/\"}}]}<\/script>\n<!-- \/ Yoast SEO plugin. -->","yoast_head_json":{"title":"Sobre Emmanuel ROBINSON","description":"M\u00e1s informaci\u00f3n sobre Emmanuel Robinson, cofundador de Region Lovers","robots":{"index":"index","follow":"follow","max-snippet":"max-snippet:-1","max-image-preview":"max-image-preview:large","max-video-preview":"max-video-preview:-1"},"canonical":"https:\/\/maroclovers.com\/es\/emmanuel-robinson\/","og_locale":"es_ES","og_type":"article","og_title":"Sobre Emmanuel ROBINSON","og_description":"M\u00e1s informaci\u00f3n sobre Emmanuel Robinson, cofundador de Region Lovers","og_url":"https:\/\/maroclovers.com\/es\/emmanuel-robinson\/","og_site_name":"Maroc Lovers","article_modified_time":"2026-04-16T18:02:15+00:00","og_image":[{"url":"https:\/\/photos.smugmug.com\/Region-Lovers\/Equipe\/i-rHp5vtv\/0\/DxhGfR3RHZSTt9vfBxH7TBtFTC5vkk673Gmjm7MHS\/L\/manu-L.jpg","type":"","width":"","height":""}],"twitter_card":"summary_large_image","twitter_misc":{"Est. reading time":"1 minuto"},"schema":{"@context":"https:\/\/schema.org","@graph":[{"@type":"WebPage","@id":"https:\/\/maroclovers.com\/es\/emmanuel-robinson\/","url":"https:\/\/maroclovers.com\/es\/emmanuel-robinson\/","name":"Sobre Emmanuel ROBINSON","isPartOf":{"@id":"https:\/\/maroclovers.com\/es\/#website"},"primaryImageOfPage":{"@id":"https:\/\/maroclovers.com\/es\/emmanuel-robinson\/#primaryimage"},"image":{"@id":"https:\/\/maroclovers.com\/es\/emmanuel-robinson\/#primaryimage"},"thumbnailUrl":"https:\/\/photos.smugmug.com\/Region-Lovers\/Equipe\/i-rHp5vtv\/0\/DxhGfR3RHZSTt9vfBxH7TBtFTC5vkk673Gmjm7MHS\/L\/manu-L.jpg","datePublished":"2025-01-03T15:21:59+00:00","dateModified":"2026-04-16T18:02:15+00:00","description":"M\u00e1s informaci\u00f3n sobre Emmanuel Robinson, cofundador de Region Lovers","breadcrumb":{"@id":"https:\/\/maroclovers.com\/es\/emmanuel-robinson\/#breadcrumb"},"inLanguage":"es","potentialAction":[{"@type":"ReadAction","target":["https:\/\/maroclovers.com\/es\/emmanuel-robinson\/"]}]},{"@type":"ImageObject","inLanguage":"es","@id":"https:\/\/maroclovers.com\/es\/emmanuel-robinson\/#primaryimage","url":"https:\/\/photos.smugmug.com\/Region-Lovers\/Equipe\/i-rHp5vtv\/0\/DxhGfR3RHZSTt9vfBxH7TBtFTC5vkk673Gmjm7MHS\/L\/manu-L.jpg","contentUrl":"https:\/\/photos.smugmug.com\/Region-Lovers\/Equipe\/i-rHp5vtv\/0\/DxhGfR3RHZSTt9vfBxH7TBtFTC5vkk673Gmjm7MHS\/L\/manu-L.jpg"},{"@type":"BreadcrumbList","@id":"https:\/\/maroclovers.com\/es\/emmanuel-robinson\/#breadcrumb","itemListElement":[{"@type":"ListItem","position":1,"name":"Home","item":"https:\/\/maroclovers.com\/es\/"},{"@type":"ListItem","position":2,"name":"Sobre Emmanuel ROBINSON"}]},{"@type":"WebSite","@id":"https:\/\/maroclovers.com\/es\/#website","url":"https:\/\/maroclovers.com\/es\/","name":"Maroc Lovers","description":"","publisher":{"@id":"https:\/\/maroclovers.com\/es\/#organization"},"potentialAction":[{"@type":"SearchAction","target":{"@type":"EntryPoint","urlTemplate":"https:\/\/maroclovers.com\/es\/?s={search_term_string}"},"query-input":{"@type":"PropertyValueSpecification","valueRequired":true,"valueName":"search_term_string"}}],"inLanguage":"es"},{"@type":"Organization","@id":"https:\/\/maroclovers.com\/es\/#organization","name":"Maroc Lovers","url":"https:\/\/maroclovers.com\/es\/","logo":{"@type":"ImageObject","inLanguage":"es","@id":"https:\/\/maroclovers.com\/es\/#\/schema\/logo\/image\/","url":"https:\/\/maroclovers.com\/wp-content\/uploads\/2025\/01\/Maroc-Lovers-Logos-RVB_Principal-bicolore.png","contentUrl":"https:\/\/maroclovers.com\/wp-content\/uploads\/2025\/01\/Maroc-Lovers-Logos-RVB_Principal-bicolore.png","width":2305,"height":746,"caption":"Maroc Lovers"},"image":{"@id":"https:\/\/maroclovers.com\/es\/#\/schema\/logo\/image\/"}}]}},"featured_image_src":null,"featured_image_src_square":null,"_links":{"self":[{"href":"https:\/\/maroclovers.com\/es\/wp-json\/wp\/v2\/pages\/276","targetHints":{"allow":["GET"]}}],"collection":[{"href":"https:\/\/maroclovers.com\/es\/wp-json\/wp\/v2\/pages"}],"about":[{"href":"https:\/\/maroclovers.com\/es\/wp-json\/wp\/v2\/types\/page"}],"author":[{"embeddable":true,"href":"https:\/\/maroclovers.com\/es\/wp-json\/wp\/v2\/users\/1"}],"replies":[{"embeddable":true,"href":"https:\/\/maroclovers.com\/es\/wp-json\/wp\/v2\/comments?post=276"}],"version-history":[{"count":0,"href":"https:\/\/maroclovers.com\/es\/wp-json\/wp\/v2\/pages\/276\/revisions"}],"wp:attachment":[{"href":"https:\/\/maroclovers.com\/es\/wp-json\/wp\/v2\/media?parent=276"}],"curies":[{"name":"wp","href":"https:\/\/api.w.org\/{rel}","templated":true}]}}