{"id":271,"date":"2025-01-03T15:21:59","date_gmt":"2025-01-03T15:21:59","guid":{"rendered":"https:\/\/maroclovers.com\/emmanuel-robinson\/"},"modified":"2026-04-16T18:02:14","modified_gmt":"2026-04-16T18:02:14","slug":"emmanuel-robinson","status":"publish","type":"page","link":"https:\/\/maroclovers.com\/de\/emmanuel-robinson\/","title":{"rendered":"\u00dcber Emmanuel ROBINSON"},"content":{"rendered":"\n<p>Wir stellen Ihnen Emmanuel vor, der zusammen mit seiner Schwester <a href=\"https:\/\/maroclovers.com\/de\/claire-robinson\/\" target=\"_blank\" rel=\"noreferrer noopener\">Claire<\/a> Mitbegr\u00fcnder von Region Lovers ist, einem fr\u00f6hlichen Unternehmen, das seit \u00fcber zehn Jahren die Welt bereist, um Ihnen &#8222;zertifiziert echte&#8220;, qualitativ hochwertige und n\u00fctzliche Informationen zu liefern. Wir m\u00f6chten Ihnen helfen, Entscheidungen zu treffen, damit Sie eine Reise zusammenstellen k\u00f6nnen, die zu Ihnen passt.<\/p>\n\n<p>Das Team w\u00e4chst im Laufe der Jahre, aber Emmanuel h\u00e4lt sich, wie alle Autoren von Region Lovers, an ein Raster und bestimmte Werte, um unseren Vertrauensvertrag mit unseren Lesern zu erf\u00fcllen. Dennoch und gl\u00fccklicherweise ist jeder Artikel immer auch ein Spiegelbild seines Autors und seiner Leidenschaften.<\/p>\n\n<figure class=\"wp-block-image size-large\"><img decoding=\"async\" src=\"https:\/\/photos.smugmug.com\/Region-Lovers\/Equipe\/i-rHp5vtv\/0\/DxhGfR3RHZSTt9vfBxH7TBtFTC5vkk673Gmjm7MHS\/L\/manu-L.jpg\" alt=\"\"\/><\/figure>\n\n<h2 class=\"wp-block-heading\">Sein Werdegang<\/h2>\n\n<ul class=\"wp-block-list\">\n<li>6 Jahre im franz\u00f6sischen Parlament, um die Funktionsweise des Staates und die Welt der Politik kennen zu lernen<\/li>\n\n\n\n<li>10 Jahre lang alle Gr\u00f6\u00dfen von Kommunikationsagenturen getestet.<\/li>\n\n\n\n<li>F\u00fcnf Jahre in der ged\u00e4mpften Welt eines gro\u00dfen Versicherungsunternehmens.<\/li>\n\n\n\n<li>Seit 2022 zu 4000% beim Abenteuer Region Lovers dabei<\/li>\n<\/ul>\n\n<p class=\"has-text-align-left\">Entdecken Sie Ihr <a href=\"https:\/\/www.linkedin.com\/in\/emmanuel-robinson-75015\/\" target=\"_blank\" rel=\"noreferrer noopener\">Linkedin-Profil<\/a><\/p>\n\n<h2 class=\"wp-block-heading\">Was er besonders gerne schreibt<\/h2>\n\n<ul class=\"wp-block-list\">\n<li>Artikel \u00fcber Restaurants, weil er ein echter Feinschmecker ist.<\/li>\n\n\n\n<li>Historische Orte (Schl\u00f6sser, Kathedralen&#8230;), zu denen er gerne die eine oder andere Anekdote aufsp\u00fcrt, die seinem Artikel das gewisse Etwas verleiht und Sie an seiner Leidenschaft f\u00fcr Geschichte teilhaben l\u00e4sst.<\/li>\n\n\n\n<li>Routen, um die einzelnen Etappen geschickt zusammenzustellen und unseren Lesern einen oder mehrere sch\u00f6ne Tage zu bescheren.<\/li>\n<\/ul>\n","protected":false},"excerpt":{"rendered":"<p>Wir stellen Ihnen Emmanuel vor, der zusammen mit seiner Schwester Claire Mitbegr\u00fcnder von Region Lovers ist, einem fr\u00f6hlichen Unternehmen, das seit \u00fcber zehn Jahren die Welt bereist, um Ihnen &#8222;zertifiziert echte&#8220;, qualitativ hochwertige und n\u00fctzliche Informationen zu liefern. Wir m\u00f6chten Ihnen helfen, Entscheidungen zu treffen, damit Sie eine Reise zusammenstellen k\u00f6nnen, die zu Ihnen passt. [&hellip;]<\/p>\n","protected":false},"author":1,"featured_media":0,"parent":0,"menu_order":0,"comment_status":"closed","ping_status":"closed","template":"","meta":{"_genesis_hide_title":false,"_genesis_hide_breadcrumbs":false,"_genesis_hide_singular_image":false,"_genesis_hide_footer_widgets":false,"_genesis_custom_body_class":"","_genesis_custom_post_class":"","_genesis_layout":"","footnotes":""},"class_list":{"0":"post-271","1":"page","2":"type-page","3":"status-publish","5":"entry"},"yoast_head":"<!-- This site is optimized with the Yoast SEO plugin v27.2 - https:\/\/yoast.com\/product\/yoast-seo-wordpress\/ -->\n<title>\u00dcber Emmanuel ROBINSON<\/title>\n<meta name=\"description\" content=\"Mehr \u00fcber Emmanuel Robinson, Mitbegr\u00fcnder von Region Lovers\" \/>\n<meta name=\"robots\" content=\"index, follow, max-snippet:-1, max-image-preview:large, max-video-preview:-1\" \/>\n<link rel=\"canonical\" href=\"https:\/\/maroclovers.com\/de\/emmanuel-robinson\/\" \/>\n<meta property=\"og:locale\" content=\"de_DE\" \/>\n<meta property=\"og:type\" content=\"article\" \/>\n<meta property=\"og:title\" content=\"\u00dcber Emmanuel ROBINSON\" \/>\n<meta property=\"og:description\" content=\"Mehr \u00fcber Emmanuel Robinson, Mitbegr\u00fcnder von Region Lovers\" \/>\n<meta property=\"og:url\" content=\"https:\/\/maroclovers.com\/de\/emmanuel-robinson\/\" \/>\n<meta property=\"og:site_name\" content=\"Maroc Lovers\" \/>\n<meta property=\"article:modified_time\" content=\"2026-04-16T18:02:14+00:00\" \/>\n<meta property=\"og:image\" content=\"https:\/\/photos.smugmug.com\/Region-Lovers\/Equipe\/i-rHp5vtv\/0\/DxhGfR3RHZSTt9vfBxH7TBtFTC5vkk673Gmjm7MHS\/L\/manu-L.jpg\" \/>\n<meta name=\"twitter:card\" content=\"summary_large_image\" \/>\n<meta name=\"twitter:label1\" content=\"Est. reading time\" \/>\n\t<meta name=\"twitter:data1\" content=\"1 Minute\" \/>\n<script type=\"application\/ld+json\" class=\"yoast-schema-graph\">{\"@context\":\"https:\/\/schema.org\",\"@graph\":[{\"@type\":\"WebPage\",\"@id\":\"https:\/\/maroclovers.com\/de\/emmanuel-robinson\/\",\"url\":\"https:\/\/maroclovers.com\/de\/emmanuel-robinson\/\",\"name\":\"\u00dcber Emmanuel ROBINSON\",\"isPartOf\":{\"@id\":\"https:\/\/maroclovers.com\/de\/#website\"},\"primaryImageOfPage\":{\"@id\":\"https:\/\/maroclovers.com\/de\/emmanuel-robinson\/#primaryimage\"},\"image\":{\"@id\":\"https:\/\/maroclovers.com\/de\/emmanuel-robinson\/#primaryimage\"},\"thumbnailUrl\":\"https:\/\/photos.smugmug.com\/Region-Lovers\/Equipe\/i-rHp5vtv\/0\/DxhGfR3RHZSTt9vfBxH7TBtFTC5vkk673Gmjm7MHS\/L\/manu-L.jpg\",\"datePublished\":\"2025-01-03T15:21:59+00:00\",\"dateModified\":\"2026-04-16T18:02:14+00:00\",\"description\":\"Mehr \u00fcber Emmanuel Robinson, Mitbegr\u00fcnder von Region Lovers\",\"breadcrumb\":{\"@id\":\"https:\/\/maroclovers.com\/de\/emmanuel-robinson\/#breadcrumb\"},\"inLanguage\":\"de\",\"potentialAction\":[{\"@type\":\"ReadAction\",\"target\":[\"https:\/\/maroclovers.com\/de\/emmanuel-robinson\/\"]}]},{\"@type\":\"ImageObject\",\"inLanguage\":\"de\",\"@id\":\"https:\/\/maroclovers.com\/de\/emmanuel-robinson\/#primaryimage\",\"url\":\"https:\/\/photos.smugmug.com\/Region-Lovers\/Equipe\/i-rHp5vtv\/0\/DxhGfR3RHZSTt9vfBxH7TBtFTC5vkk673Gmjm7MHS\/L\/manu-L.jpg\",\"contentUrl\":\"https:\/\/photos.smugmug.com\/Region-Lovers\/Equipe\/i-rHp5vtv\/0\/DxhGfR3RHZSTt9vfBxH7TBtFTC5vkk673Gmjm7MHS\/L\/manu-L.jpg\"},{\"@type\":\"BreadcrumbList\",\"@id\":\"https:\/\/maroclovers.com\/de\/emmanuel-robinson\/#breadcrumb\",\"itemListElement\":[{\"@type\":\"ListItem\",\"position\":1,\"name\":\"Home\",\"item\":\"https:\/\/maroclovers.com\/de\/\"},{\"@type\":\"ListItem\",\"position\":2,\"name\":\"\u00dcber Emmanuel ROBINSON\"}]},{\"@type\":\"WebSite\",\"@id\":\"https:\/\/maroclovers.com\/de\/#website\",\"url\":\"https:\/\/maroclovers.com\/de\/\",\"name\":\"Maroc Lovers\",\"description\":\"\",\"publisher\":{\"@id\":\"https:\/\/maroclovers.com\/de\/#organization\"},\"potentialAction\":[{\"@type\":\"SearchAction\",\"target\":{\"@type\":\"EntryPoint\",\"urlTemplate\":\"https:\/\/maroclovers.com\/de\/?s={search_term_string}\"},\"query-input\":{\"@type\":\"PropertyValueSpecification\",\"valueRequired\":true,\"valueName\":\"search_term_string\"}}],\"inLanguage\":\"de\"},{\"@type\":\"Organization\",\"@id\":\"https:\/\/maroclovers.com\/de\/#organization\",\"name\":\"Maroc Lovers\",\"url\":\"https:\/\/maroclovers.com\/de\/\",\"logo\":{\"@type\":\"ImageObject\",\"inLanguage\":\"de\",\"@id\":\"https:\/\/maroclovers.com\/de\/#\/schema\/logo\/image\/\",\"url\":\"https:\/\/maroclovers.com\/wp-content\/uploads\/2025\/01\/Maroc-Lovers-Logos-RVB_Principal-bicolore.png\",\"contentUrl\":\"https:\/\/maroclovers.com\/wp-content\/uploads\/2025\/01\/Maroc-Lovers-Logos-RVB_Principal-bicolore.png\",\"width\":2305,\"height\":746,\"caption\":\"Maroc Lovers\"},\"image\":{\"@id\":\"https:\/\/maroclovers.com\/de\/#\/schema\/logo\/image\/\"}}]}<\/script>\n<!-- \/ Yoast SEO plugin. -->","yoast_head_json":{"title":"\u00dcber Emmanuel ROBINSON","description":"Mehr \u00fcber Emmanuel Robinson, Mitbegr\u00fcnder von Region Lovers","robots":{"index":"index","follow":"follow","max-snippet":"max-snippet:-1","max-image-preview":"max-image-preview:large","max-video-preview":"max-video-preview:-1"},"canonical":"https:\/\/maroclovers.com\/de\/emmanuel-robinson\/","og_locale":"de_DE","og_type":"article","og_title":"\u00dcber Emmanuel ROBINSON","og_description":"Mehr \u00fcber Emmanuel Robinson, Mitbegr\u00fcnder von Region Lovers","og_url":"https:\/\/maroclovers.com\/de\/emmanuel-robinson\/","og_site_name":"Maroc Lovers","article_modified_time":"2026-04-16T18:02:14+00:00","og_image":[{"url":"https:\/\/photos.smugmug.com\/Region-Lovers\/Equipe\/i-rHp5vtv\/0\/DxhGfR3RHZSTt9vfBxH7TBtFTC5vkk673Gmjm7MHS\/L\/manu-L.jpg","type":"","width":"","height":""}],"twitter_card":"summary_large_image","twitter_misc":{"Est. reading time":"1 Minute"},"schema":{"@context":"https:\/\/schema.org","@graph":[{"@type":"WebPage","@id":"https:\/\/maroclovers.com\/de\/emmanuel-robinson\/","url":"https:\/\/maroclovers.com\/de\/emmanuel-robinson\/","name":"\u00dcber Emmanuel ROBINSON","isPartOf":{"@id":"https:\/\/maroclovers.com\/de\/#website"},"primaryImageOfPage":{"@id":"https:\/\/maroclovers.com\/de\/emmanuel-robinson\/#primaryimage"},"image":{"@id":"https:\/\/maroclovers.com\/de\/emmanuel-robinson\/#primaryimage"},"thumbnailUrl":"https:\/\/photos.smugmug.com\/Region-Lovers\/Equipe\/i-rHp5vtv\/0\/DxhGfR3RHZSTt9vfBxH7TBtFTC5vkk673Gmjm7MHS\/L\/manu-L.jpg","datePublished":"2025-01-03T15:21:59+00:00","dateModified":"2026-04-16T18:02:14+00:00","description":"Mehr \u00fcber Emmanuel Robinson, Mitbegr\u00fcnder von Region Lovers","breadcrumb":{"@id":"https:\/\/maroclovers.com\/de\/emmanuel-robinson\/#breadcrumb"},"inLanguage":"de","potentialAction":[{"@type":"ReadAction","target":["https:\/\/maroclovers.com\/de\/emmanuel-robinson\/"]}]},{"@type":"ImageObject","inLanguage":"de","@id":"https:\/\/maroclovers.com\/de\/emmanuel-robinson\/#primaryimage","url":"https:\/\/photos.smugmug.com\/Region-Lovers\/Equipe\/i-rHp5vtv\/0\/DxhGfR3RHZSTt9vfBxH7TBtFTC5vkk673Gmjm7MHS\/L\/manu-L.jpg","contentUrl":"https:\/\/photos.smugmug.com\/Region-Lovers\/Equipe\/i-rHp5vtv\/0\/DxhGfR3RHZSTt9vfBxH7TBtFTC5vkk673Gmjm7MHS\/L\/manu-L.jpg"},{"@type":"BreadcrumbList","@id":"https:\/\/maroclovers.com\/de\/emmanuel-robinson\/#breadcrumb","itemListElement":[{"@type":"ListItem","position":1,"name":"Home","item":"https:\/\/maroclovers.com\/de\/"},{"@type":"ListItem","position":2,"name":"\u00dcber Emmanuel ROBINSON"}]},{"@type":"WebSite","@id":"https:\/\/maroclovers.com\/de\/#website","url":"https:\/\/maroclovers.com\/de\/","name":"Maroc Lovers","description":"","publisher":{"@id":"https:\/\/maroclovers.com\/de\/#organization"},"potentialAction":[{"@type":"SearchAction","target":{"@type":"EntryPoint","urlTemplate":"https:\/\/maroclovers.com\/de\/?s={search_term_string}"},"query-input":{"@type":"PropertyValueSpecification","valueRequired":true,"valueName":"search_term_string"}}],"inLanguage":"de"},{"@type":"Organization","@id":"https:\/\/maroclovers.com\/de\/#organization","name":"Maroc Lovers","url":"https:\/\/maroclovers.com\/de\/","logo":{"@type":"ImageObject","inLanguage":"de","@id":"https:\/\/maroclovers.com\/de\/#\/schema\/logo\/image\/","url":"https:\/\/maroclovers.com\/wp-content\/uploads\/2025\/01\/Maroc-Lovers-Logos-RVB_Principal-bicolore.png","contentUrl":"https:\/\/maroclovers.com\/wp-content\/uploads\/2025\/01\/Maroc-Lovers-Logos-RVB_Principal-bicolore.png","width":2305,"height":746,"caption":"Maroc Lovers"},"image":{"@id":"https:\/\/maroclovers.com\/de\/#\/schema\/logo\/image\/"}}]}},"featured_image_src":null,"featured_image_src_square":null,"_links":{"self":[{"href":"https:\/\/maroclovers.com\/de\/wp-json\/wp\/v2\/pages\/271","targetHints":{"allow":["GET"]}}],"collection":[{"href":"https:\/\/maroclovers.com\/de\/wp-json\/wp\/v2\/pages"}],"about":[{"href":"https:\/\/maroclovers.com\/de\/wp-json\/wp\/v2\/types\/page"}],"author":[{"embeddable":true,"href":"https:\/\/maroclovers.com\/de\/wp-json\/wp\/v2\/users\/1"}],"replies":[{"embeddable":true,"href":"https:\/\/maroclovers.com\/de\/wp-json\/wp\/v2\/comments?post=271"}],"version-history":[{"count":0,"href":"https:\/\/maroclovers.com\/de\/wp-json\/wp\/v2\/pages\/271\/revisions"}],"wp:attachment":[{"href":"https:\/\/maroclovers.com\/de\/wp-json\/wp\/v2\/media?parent=271"}],"curies":[{"name":"wp","href":"https:\/\/api.w.org\/{rel}","templated":true}]}}