{"id":272,"date":"2025-01-03T15:22:44","date_gmt":"2025-01-03T15:22:44","guid":{"rendered":"https:\/\/maroclovers.com\/claire-robinson\/"},"modified":"2026-04-16T18:02:15","modified_gmt":"2026-04-16T18:02:15","slug":"claire-robinson","status":"publish","type":"page","link":"https:\/\/maroclovers.com\/da\/claire-robinson\/","title":{"rendered":"Om Claire ROBINSON"},"content":{"rendered":"\n<p>M\u00f8d Claire, der sammen med sin bror <a href=\"https:\/\/maroclovers.com\/da\/emmanuel-robinson\/\" target=\"_blank\" rel=\"noreferrer noopener\">Emmanuel<\/a> er medstifter af Region Lovers, et lykkeligt firma, der har rejst verden rundt i over 10 \u00e5r for at give dig nyttige &#8220;certificeret \u00e6gte&#8221; oplysninger af h\u00f8j kvalitet. Vi vil gerne hj\u00e6lpe dig med at tr\u00e6ffe de valg, du har brug for, for at skabe en rejse, der passer til dig.<\/p>\n\n<p>Holdet er vokset gennem \u00e5rene, men Claire holder sig, ligesom alle Region Lovers forfattere, til en ramme og nogle v\u00e6rdier for at opfylde vores tillidskontrakt med vores l\u00e6sere. Men heldigvis er hver artikel altid en afspejling af forfatteren og hans eller hendes passioner.<\/p>\n\n<figure class=\"wp-block-image size-large\"><img decoding=\"async\" src=\"https:\/\/photos.smugmug.com\/Region-Lovers\/Equipe\/i-nsNF6C6\/0\/25791716\/L\/Claire-L.png\" alt=\"\"\/><\/figure>\n\n<h2 class=\"wp-block-heading\">Hans karriere<\/h2>\n\n<ul class=\"wp-block-list\">\n<li>Teknisk uddannelse.<\/li>\n\n\n\n<li>10 \u00e5r med strukturering af information og implementering af kvalitetsprocesser i Australien, Tyskland og Frankrig.<\/li>\n\n\n\n<li>Over 10 \u00e5r med rejseblogging: ZigZag road trips og derefter Region Lovers<\/li>\n<\/ul>\n\n<p class=\"has-text-align-left\">Opdag din <a href=\"https:\/\/www.linkedin.com\/in\/claire-robinson-fr\/\" target=\"_blank\" rel=\"noreferrer noopener\">Linkedin-profil<\/a><\/p>\n\n<h2 class=\"wp-block-heading\">Hvad hun is\u00e6r holder af at skrive<\/h2>\n\n<ul class=\"wp-block-list\">\n<li>Artikler om steder uden for alfarvej, de mere hemmelige perler, som vi har opdaget p\u00e5 vores rejser.<\/li>\n\n\n\n<li>Best-of-artikler, hvor du kan dele dine favoritter.<\/li>\n\n\n\n<li>Artiklerne er fulde af r\u00e5d om komplicerede steder at bes\u00f8ge, s\u00e5 l\u00e6serne f\u00e5r mest muligt ud af deres bes\u00f8g.<\/li>\n<\/ul>\n","protected":false},"excerpt":{"rendered":"<p>M\u00f8d Claire, der sammen med sin bror Emmanuel er medstifter af Region Lovers, et lykkeligt firma, der har rejst verden rundt i over 10 \u00e5r for at give dig nyttige &#8220;certificeret \u00e6gte&#8221; oplysninger af h\u00f8j kvalitet. Vi vil gerne hj\u00e6lpe dig med at tr\u00e6ffe de valg, du har brug for, for at skabe en rejse, [&hellip;]<\/p>\n","protected":false},"author":1,"featured_media":0,"parent":0,"menu_order":0,"comment_status":"closed","ping_status":"closed","template":"","meta":{"_genesis_hide_title":false,"_genesis_hide_breadcrumbs":false,"_genesis_hide_singular_image":false,"_genesis_hide_footer_widgets":false,"_genesis_custom_body_class":"","_genesis_custom_post_class":"","_genesis_layout":"","footnotes":""},"class_list":{"0":"post-272","1":"page","2":"type-page","3":"status-publish","5":"entry"},"yoast_head":"<!-- This site is optimized with the Yoast SEO plugin v27.5 - https:\/\/yoast.com\/product\/yoast-seo-wordpress\/ -->\n<title>Om Claire ROBINSON<\/title>\n<meta name=\"description\" content=\"F\u00e5 mere at vide Claire Robinson, medstifter af Region Lovers\" \/>\n<meta name=\"robots\" content=\"index, follow, max-snippet:-1, max-image-preview:large, max-video-preview:-1\" \/>\n<link rel=\"canonical\" href=\"https:\/\/maroclovers.com\/da\/claire-robinson\/\" \/>\n<meta property=\"og:locale\" content=\"da_DK\" \/>\n<meta property=\"og:type\" content=\"article\" \/>\n<meta property=\"og:title\" content=\"Om Claire ROBINSON\" \/>\n<meta property=\"og:description\" content=\"F\u00e5 mere at vide Claire Robinson, medstifter af Region Lovers\" \/>\n<meta property=\"og:url\" content=\"https:\/\/maroclovers.com\/da\/claire-robinson\/\" \/>\n<meta property=\"og:site_name\" content=\"Maroc Lovers\" \/>\n<meta property=\"article:modified_time\" content=\"2026-04-16T18:02:15+00:00\" \/>\n<meta property=\"og:image\" content=\"https:\/\/photos.smugmug.com\/Region-Lovers\/Equipe\/i-nsNF6C6\/0\/25791716\/L\/Claire-L.png\" \/>\n<meta name=\"twitter:card\" content=\"summary_large_image\" \/>\n<meta name=\"twitter:label1\" content=\"Est. reading time\" \/>\n\t<meta name=\"twitter:data1\" content=\"1 minut\" \/>\n<script type=\"application\/ld+json\" class=\"yoast-schema-graph\">{\"@context\":\"https:\\\/\\\/schema.org\",\"@graph\":[{\"@type\":\"WebPage\",\"@id\":\"https:\\\/\\\/maroclovers.com\\\/da\\\/claire-robinson\\\/\",\"url\":\"https:\\\/\\\/maroclovers.com\\\/da\\\/claire-robinson\\\/\",\"name\":\"Om Claire ROBINSON\",\"isPartOf\":{\"@id\":\"https:\\\/\\\/maroclovers.com\\\/da\\\/#website\"},\"primaryImageOfPage\":{\"@id\":\"https:\\\/\\\/maroclovers.com\\\/da\\\/claire-robinson\\\/#primaryimage\"},\"image\":{\"@id\":\"https:\\\/\\\/maroclovers.com\\\/da\\\/claire-robinson\\\/#primaryimage\"},\"thumbnailUrl\":\"https:\\\/\\\/photos.smugmug.com\\\/Region-Lovers\\\/Equipe\\\/i-nsNF6C6\\\/0\\\/25791716\\\/L\\\/Claire-L.png\",\"datePublished\":\"2025-01-03T15:22:44+00:00\",\"dateModified\":\"2026-04-16T18:02:15+00:00\",\"description\":\"F\u00e5 mere at vide Claire Robinson, medstifter af Region Lovers\",\"breadcrumb\":{\"@id\":\"https:\\\/\\\/maroclovers.com\\\/da\\\/claire-robinson\\\/#breadcrumb\"},\"inLanguage\":\"da-DK\",\"potentialAction\":[{\"@type\":\"ReadAction\",\"target\":[\"https:\\\/\\\/maroclovers.com\\\/da\\\/claire-robinson\\\/\"]}]},{\"@type\":\"ImageObject\",\"inLanguage\":\"da-DK\",\"@id\":\"https:\\\/\\\/maroclovers.com\\\/da\\\/claire-robinson\\\/#primaryimage\",\"url\":\"https:\\\/\\\/photos.smugmug.com\\\/Region-Lovers\\\/Equipe\\\/i-nsNF6C6\\\/0\\\/25791716\\\/L\\\/Claire-L.png\",\"contentUrl\":\"https:\\\/\\\/photos.smugmug.com\\\/Region-Lovers\\\/Equipe\\\/i-nsNF6C6\\\/0\\\/25791716\\\/L\\\/Claire-L.png\"},{\"@type\":\"BreadcrumbList\",\"@id\":\"https:\\\/\\\/maroclovers.com\\\/da\\\/claire-robinson\\\/#breadcrumb\",\"itemListElement\":[{\"@type\":\"ListItem\",\"position\":1,\"name\":\"Home\",\"item\":\"https:\\\/\\\/maroclovers.com\\\/da\\\/\"},{\"@type\":\"ListItem\",\"position\":2,\"name\":\"Om Claire ROBINSON\"}]},{\"@type\":\"WebSite\",\"@id\":\"https:\\\/\\\/maroclovers.com\\\/da\\\/#website\",\"url\":\"https:\\\/\\\/maroclovers.com\\\/da\\\/\",\"name\":\"Maroc Lovers\",\"description\":\"\",\"publisher\":{\"@id\":\"https:\\\/\\\/maroclovers.com\\\/da\\\/#organization\"},\"potentialAction\":[{\"@type\":\"SearchAction\",\"target\":{\"@type\":\"EntryPoint\",\"urlTemplate\":\"https:\\\/\\\/maroclovers.com\\\/da\\\/?s={search_term_string}\"},\"query-input\":{\"@type\":\"PropertyValueSpecification\",\"valueRequired\":true,\"valueName\":\"search_term_string\"}}],\"inLanguage\":\"da-DK\"},{\"@type\":\"Organization\",\"@id\":\"https:\\\/\\\/maroclovers.com\\\/da\\\/#organization\",\"name\":\"Maroc Lovers\",\"url\":\"https:\\\/\\\/maroclovers.com\\\/da\\\/\",\"logo\":{\"@type\":\"ImageObject\",\"inLanguage\":\"da-DK\",\"@id\":\"https:\\\/\\\/maroclovers.com\\\/da\\\/#\\\/schema\\\/logo\\\/image\\\/\",\"url\":\"https:\\\/\\\/maroclovers.com\\\/wp-content\\\/uploads\\\/2025\\\/01\\\/Maroc-Lovers-Logos-RVB_Principal-bicolore.png\",\"contentUrl\":\"https:\\\/\\\/maroclovers.com\\\/wp-content\\\/uploads\\\/2025\\\/01\\\/Maroc-Lovers-Logos-RVB_Principal-bicolore.png\",\"width\":2305,\"height\":746,\"caption\":\"Maroc Lovers\"},\"image\":{\"@id\":\"https:\\\/\\\/maroclovers.com\\\/da\\\/#\\\/schema\\\/logo\\\/image\\\/\"}}]}<\/script>\n<!-- \/ Yoast SEO plugin. -->","yoast_head_json":{"title":"Om Claire ROBINSON","description":"F\u00e5 mere at vide Claire Robinson, medstifter af Region Lovers","robots":{"index":"index","follow":"follow","max-snippet":"max-snippet:-1","max-image-preview":"max-image-preview:large","max-video-preview":"max-video-preview:-1"},"canonical":"https:\/\/maroclovers.com\/da\/claire-robinson\/","og_locale":"da_DK","og_type":"article","og_title":"Om Claire ROBINSON","og_description":"F\u00e5 mere at vide Claire Robinson, medstifter af Region Lovers","og_url":"https:\/\/maroclovers.com\/da\/claire-robinson\/","og_site_name":"Maroc Lovers","article_modified_time":"2026-04-16T18:02:15+00:00","og_image":[{"url":"https:\/\/photos.smugmug.com\/Region-Lovers\/Equipe\/i-nsNF6C6\/0\/25791716\/L\/Claire-L.png","type":"","width":"","height":""}],"twitter_card":"summary_large_image","twitter_misc":{"Est. reading time":"1 minut"},"schema":{"@context":"https:\/\/schema.org","@graph":[{"@type":"WebPage","@id":"https:\/\/maroclovers.com\/da\/claire-robinson\/","url":"https:\/\/maroclovers.com\/da\/claire-robinson\/","name":"Om Claire ROBINSON","isPartOf":{"@id":"https:\/\/maroclovers.com\/da\/#website"},"primaryImageOfPage":{"@id":"https:\/\/maroclovers.com\/da\/claire-robinson\/#primaryimage"},"image":{"@id":"https:\/\/maroclovers.com\/da\/claire-robinson\/#primaryimage"},"thumbnailUrl":"https:\/\/photos.smugmug.com\/Region-Lovers\/Equipe\/i-nsNF6C6\/0\/25791716\/L\/Claire-L.png","datePublished":"2025-01-03T15:22:44+00:00","dateModified":"2026-04-16T18:02:15+00:00","description":"F\u00e5 mere at vide Claire Robinson, medstifter af Region Lovers","breadcrumb":{"@id":"https:\/\/maroclovers.com\/da\/claire-robinson\/#breadcrumb"},"inLanguage":"da-DK","potentialAction":[{"@type":"ReadAction","target":["https:\/\/maroclovers.com\/da\/claire-robinson\/"]}]},{"@type":"ImageObject","inLanguage":"da-DK","@id":"https:\/\/maroclovers.com\/da\/claire-robinson\/#primaryimage","url":"https:\/\/photos.smugmug.com\/Region-Lovers\/Equipe\/i-nsNF6C6\/0\/25791716\/L\/Claire-L.png","contentUrl":"https:\/\/photos.smugmug.com\/Region-Lovers\/Equipe\/i-nsNF6C6\/0\/25791716\/L\/Claire-L.png"},{"@type":"BreadcrumbList","@id":"https:\/\/maroclovers.com\/da\/claire-robinson\/#breadcrumb","itemListElement":[{"@type":"ListItem","position":1,"name":"Home","item":"https:\/\/maroclovers.com\/da\/"},{"@type":"ListItem","position":2,"name":"Om Claire ROBINSON"}]},{"@type":"WebSite","@id":"https:\/\/maroclovers.com\/da\/#website","url":"https:\/\/maroclovers.com\/da\/","name":"Maroc Lovers","description":"","publisher":{"@id":"https:\/\/maroclovers.com\/da\/#organization"},"potentialAction":[{"@type":"SearchAction","target":{"@type":"EntryPoint","urlTemplate":"https:\/\/maroclovers.com\/da\/?s={search_term_string}"},"query-input":{"@type":"PropertyValueSpecification","valueRequired":true,"valueName":"search_term_string"}}],"inLanguage":"da-DK"},{"@type":"Organization","@id":"https:\/\/maroclovers.com\/da\/#organization","name":"Maroc Lovers","url":"https:\/\/maroclovers.com\/da\/","logo":{"@type":"ImageObject","inLanguage":"da-DK","@id":"https:\/\/maroclovers.com\/da\/#\/schema\/logo\/image\/","url":"https:\/\/maroclovers.com\/wp-content\/uploads\/2025\/01\/Maroc-Lovers-Logos-RVB_Principal-bicolore.png","contentUrl":"https:\/\/maroclovers.com\/wp-content\/uploads\/2025\/01\/Maroc-Lovers-Logos-RVB_Principal-bicolore.png","width":2305,"height":746,"caption":"Maroc Lovers"},"image":{"@id":"https:\/\/maroclovers.com\/da\/#\/schema\/logo\/image\/"}}]}},"featured_image_src":null,"featured_image_src_square":null,"_links":{"self":[{"href":"https:\/\/maroclovers.com\/da\/wp-json\/wp\/v2\/pages\/272","targetHints":{"allow":["GET"]}}],"collection":[{"href":"https:\/\/maroclovers.com\/da\/wp-json\/wp\/v2\/pages"}],"about":[{"href":"https:\/\/maroclovers.com\/da\/wp-json\/wp\/v2\/types\/page"}],"author":[{"embeddable":true,"href":"https:\/\/maroclovers.com\/da\/wp-json\/wp\/v2\/users\/1"}],"replies":[{"embeddable":true,"href":"https:\/\/maroclovers.com\/da\/wp-json\/wp\/v2\/comments?post=272"}],"version-history":[{"count":0,"href":"https:\/\/maroclovers.com\/da\/wp-json\/wp\/v2\/pages\/272\/revisions"}],"wp:attachment":[{"href":"https:\/\/maroclovers.com\/da\/wp-json\/wp\/v2\/media?parent=272"}],"curies":[{"name":"wp","href":"https:\/\/api.w.org\/{rel}","templated":true}]}}