{"id":233,"date":"2025-01-03T15:03:21","date_gmt":"2025-01-03T15:03:21","guid":{"rendered":"https:\/\/maroclovers.com\/politik\/"},"modified":"2026-04-16T18:00:15","modified_gmt":"2026-04-16T18:00:15","slug":"politik","status":"publish","type":"page","link":"https:\/\/maroclovers.com\/da\/politik\/","title":{"rendered":"Juridisk meddelelse, brugsbetingelser og privatlivspolitik"},"content":{"rendered":"\n<p>F\u00f8lgende politikker kan \u00e6ndres uden varsel. De blev sidst opdateret den 2. april 2026. Hvis du har sp\u00f8rgsm\u00e5l, bedes du kontakte os via formularen nederst p\u00e5 siden.<\/p>\n\n<h2 class=\"wp-block-heading\">Juridisk information<\/h2>\n\n<p>Udgiver og leder af webstedet :<\/p>\n\n<p>Claire Robinson &#8211; 76600 Le Havre &#8211; Claire(at)regionlovers.fr<\/p>\n\n<p>V\u00e6rt af :<\/p>\n\n<p>WP Engine &#8211; Texas &#8211; USA &#8211; <a href=\"https:\/\/wpengine.com\/contact\/\" rel=\"noreferrer noopener\" target=\"_blank\">Kontakt<\/a><\/p>\n\n<p><strong>Virksomhed :<\/strong><\/p>\n\n<p>Region Lovers SAS<br\/>2 rue des sauveteurs<br\/>76600 Le Havre<br\/>Aktiekapital 6000\u20ac<br\/>Moms FR21845103191<\/p>\n\n<hr class=\"wp-block-separator has-alpha-channel-opacity\"\/>\n\n<h2 class=\"wp-block-heading\">Fortrolighed<\/h2>\n\n<p>L\u00e6s venligst denne privatlivspolitik omhyggeligt for at forst\u00e5, hvordan Maroc Lovers (hjemmesiden) indhenter, bruger, beskytter og generelt h\u00e5ndterer dine personligt identificerbare oplysninger, n\u00e5r du bruger denne hjemmeside.<\/p>\n\n<p><strong>Hvilke personlige oplysninger indsamles fra bes\u00f8gende p\u00e5 min hjemmeside?<\/strong><\/p>\n\n<p>N\u00e5r du kommer med en kommentar, afgiver en ordre eller skriver en e-mail til os, kan du afh\u00e6ngigt af tilf\u00e6ldet blive bedt om dit navn, din e-mailadresse eller andre oplysninger, der kan hj\u00e6lpe dig med din oplevelse.<\/p>\n\n<p><strong>Hvorn\u00e5r hentes disse oplysninger?<\/strong><\/p>\n\n<p>Vi indsamler dine oplysninger, n\u00e5r du abonnerer p\u00e5 et nyhedsbrev eller e-mailopdateringer, n\u00e5r du foretager et k\u00f8b, n\u00e5r du svarer p\u00e5 en unders\u00f8gelse, eller n\u00e5r du indtaster oplysninger p\u00e5 dette websted (for eksempel for at skrive en kommentar).<\/p>\n\n<p><strong>Hvordan bruges disse oplysninger?<\/strong><\/p>\n\n<p>Vi kan bruge disse oplysninger p\u00e5 f\u00f8lgende m\u00e5der:<\/p>\n\n<ul class=\"wp-block-list\">\n<li>Til at personligg\u00f8re og levere den type indhold og produkter, der interesserer dig mest.<\/li>\n\n\n\n<li>For at forbedre webstedet og give dig bedre information.<\/li>\n\n\n\n<li>At sende periodiske e-mails om webstedet eller andre produkter og tjenester.<\/li>\n<\/ul>\n\n<p>Vi<strong>vil aldrig s\u00e6lge<\/strong> eller videregive dine oplysninger, og hvis du p\u00e5 noget tidspunkt \u00f8nsker at afmelde dig e-mailkommunikation, kan du g\u00f8re det ved at bruge linket i slutningen af hver e-mail.<\/p>\n\n<p>Hvis du gerne vil vide mere om brugen og opbevaringen af dine data, bedes du bruge formularen i slutningen af denne side til at kontakte os.<\/p>\n\n<p><strong>Hvordan beskyttes oplysninger om bes\u00f8gende p\u00e5 vores hjemmeside?<\/strong><\/p>\n\n<p>Hjemmesiden scannes regelm\u00e6ssigt for at tjekke for sikkerhedsbrister og kendte svagheder for at g\u00f8re dit bes\u00f8g s\u00e5 sikkert som muligt.<\/p>\n\n<p><strong>Bruger jeg cookies?<\/strong><\/p>\n\n<p>Ja, det er det.\nCookies er sm\u00e5 filer, som et websted eller dets tjenesteudbyder overf\u00f8rer til din computers harddisk via din webbrowser (hvis du tillader det), og som g\u00f8r det muligt for webstedet eller tjenesteudbyderen at genkende din browser og registrere og huske visse oplysninger.\nFor eksempel kan et websted bruge cookies til at hj\u00e6lpe med at huske og behandle varerne i din indk\u00f8bskurv.\nDe bruges ogs\u00e5 til at indsamle og analysere trafikdata og interaktioner p\u00e5 webstedet for at give bedre oplevelser p\u00e5 vores websted og bedre v\u00e6rkt\u00f8jer i fremtiden.   <\/p>\n\n<p>Maroc Lovers bruger prim\u00e6rt cookies til at indsamle og analysere trafikdata og interaktioner p\u00e5 webstedet for at give bedre oplevelser og v\u00e6rkt\u00f8jer i fremtiden. Vi har ogs\u00e5 affiliate-cookies fra hjemmesider, der anbefaler mine rejseguides. Vi kan ogs\u00e5 bruge tjenester fra p\u00e5lidelige tredjepartssider til at spore disse elementer for mig.<\/p>\n\n<p>Du kan v\u00e6lge at f\u00e5 din computer til at informere dig, hver gang den sender en cookie, eller du kan v\u00e6lge at deaktivere alle cookies.\nDet g\u00f8r du i indstillingerne i din browser (f.eks. Internet Explorer, Safari eller Google Chrome). <\/p>\n\n<p><strong>Links fra tredjeparter<\/strong><\/p>\n\n<p>Lejlighedsvis kan vi have links i mine artikler til tredjepartswebsteder, deres produkter eller deres tjenester. Disse websteder har uafh\u00e6ngige fortrolighedspolitikker. Maroc Lovers kan ikke holdes ansvarlig for indholdet og aktiviteten p\u00e5 linkede sider. Vi str\u00e6ber dog efter integritet og accepterer al feedback vedr\u00f8rende disse sider.<\/p>\n\n<p><strong>Leverand\u00f8rer brugt :<\/strong><\/p>\n\n<ul class=\"wp-block-list\">\n<li>For at administrere accept af cookies, Complianz<\/li>\n\n\n\n<li>Gravity Forms til kontaktformularen og tilmeldingsformularen til nyhedsbrevet<\/li>\n\n\n\n<li>For nyhedsbrevet, Mailchimp &#8211; <a href=\"https:\/\/mailchimp.com\/fr\/gdpr\/\" target=\"_blank\" rel=\"noreferrer noopener\">se deres databeskyttelsesaftale<\/a>.<\/li>\n\n\n\n<li>E-b\u00f8ger s\u00e6lges ved hj\u00e6lp af Sendowl-platformen<a href=\"https:\/\/www.sendowl.com\/privacy\" target=\"_blank\" rel=\"noreferrer noopener\">(privatlivspolitik her<\/a>), og kreditkortbetalinger foretages ved hj\u00e6lp af Stripe<a href=\"https:\/\/stripe.com\/en-fr\/privacy\" target=\"_blank\" rel=\"noreferrer noopener\">(privatlivspolitik her<\/a>).<\/li>\n<\/ul>\n\n<hr class=\"wp-block-separator has-alpha-channel-opacity\"\/>\n\n<h3 class=\"wp-block-heading\">Mediavine Programmatic Advertising (Ver 1.1)<\/h3>\n\n<p>Hjemmesiden samarbejder med Mediavine om at administrere den interessebaserede annoncering fra tredjeparter, der vises p\u00e5 hjemmesiden. Mediavine tilbyder indhold og reklamer, n\u00e5r du bes\u00f8ger hjemmesiden, som kan bruge f\u00f8rste- og tredjepartscookies. En cookie er en lille tekstfil, der sendes til din computer eller mobilenhed (i denne politik kaldet en &#8220;enhed&#8221;) af webserveren, s\u00e5 et websted kan huske visse oplysninger om din browsingaktivitet p\u00e5 webstedet.<\/p>\n\n<p>F\u00f8rstepartscookies oprettes af det websted, du bes\u00f8ger. En tredjepartscookie bruges ofte til adf\u00e6rdsbaseret annoncering og analyse og oprettes af et andet dom\u00e6ne end det websted, du bes\u00f8ger. Tredjepartscookies, beacons, pixels, web beacons og andre lignende teknologier (samlet ben\u00e6vnt &#8220;Beacons&#8221;) kan placeres p\u00e5 webstedet for at overv\u00e5ge interaktion med reklameindhold og for at m\u00e5lrette og optimere reklamer. Hver internetbrowser har en funktion, der giver dig mulighed for at blokere f\u00f8rste- og tredjepartscookies og rydde din browsers cache. &#8220;Hj\u00e6lp&#8221;-funktionen i menulinjen i de fleste browsere fort\u00e6ller dig, hvordan du stopper med at acceptere nye cookies, hvordan du f\u00e5r besked om nye cookies, hvordan du deaktiverer eksisterende cookies, og hvordan du rydder din browsers cache-hukommelse. Du kan f\u00e5 flere oplysninger om cookies, og hvordan du deaktiverer dem, ved at l\u00e6se oplysningerne p\u00e5 webstedet <a href=\"https:\/\/www.allaboutcookies.org\/manage-cookies\/\" target=\"_blank\" rel=\"noreferrer noopener\">Alt om cookies<\/a>.<\/p>\n\n<p>Uden cookies kan du muligvis ikke f\u00e5 fuldt udbytte af hjemmesidens indhold og funktioner. Bem\u00e6rk, at hvis du afviser cookies, betyder det ikke, at du ikke l\u00e6ngere vil se reklamer, n\u00e5r du bes\u00f8ger vores hjemmeside. Hvis du afviser cookies, vil du fortsat kunne se ikke-personaliserede reklamer p\u00e5 hjemmesiden.<\/p>\n\n<p>Hjemmesiden indsamler f\u00f8lgende data ved hj\u00e6lp af en cookie, n\u00e5r der vises personlige reklamer:<\/p>\n\n<ul class=\"wp-block-list\">\n<li>IP-adresse<\/li>\n\n\n\n<li>Type af operativsystem<\/li>\n\n\n\n<li>Version af operativsystem<\/li>\n\n\n\n<li>Type af apparat<\/li>\n\n\n\n<li>Sprog p\u00e5 webstedet<\/li>\n\n\n\n<li>Type af webbrowser<\/li>\n\n\n\n<li>E-mail (i hakket form)<\/li>\n<\/ul>\n\n<p>Mediavines partnere (virksomheder, der er anf\u00f8rt nedenfor, og som Mediavine deler data med) kan ogs\u00e5 bruge disse data til at linke til andre slutbrugeroplysninger, som partneren uafh\u00e6ngigt har indsamlet, for at levere m\u00e5lrettet annoncering. Mediavine Partners kan ogs\u00e5 separat indsamle slutbrugerdata fra andre kilder, s\u00e5som reklameidentifikatorer eller pixels, og linke disse data til data indsamlet fra Mediavine-udgivere for at levere interessebaseret annoncering p\u00e5 tv\u00e6rs af din onlineoplevelse, herunder enheder, browsere og applikationer. Disse data omfatter brugsdata, oplysninger om cookies, oplysninger om enheder, oplysninger om interaktioner mellem brugere og reklamer og websteder, geolokaliseringsdata, trafikdata og oplysninger om en bes\u00f8gendes referencekilde til et bestemt websted. Mediavine Partners kan ogs\u00e5 oprette unikke identifikatorer for at skabe m\u00e5lgruppesegmenter, som bruges til at levere m\u00e5lrettet annoncering.<\/p>\n\n<p>Hvis du gerne vil have flere oplysninger om denne praksis og de valg, du har for at til- eller frav\u00e6lge denne dataindsamling, kan du bes\u00f8ge <a href=\"https:\/\/thenai.org\/opt-out\/\" target=\"_blank\" rel=\"noreferrer noopener\">National Advertising Initiatives fravalgsside<\/a>. Du kan ogs\u00e5 konsultere <a href=\"http:\/\/optout.aboutads.info\/#\/\" target=\"_blank\" rel=\"noreferrer noopener\">Digital Advertising Alliance-webstedet<\/a> og <a href=\"http:\/\/optout.networkadvertising.org\/#\" target=\"_blank\" rel=\"noreferrer noopener\">Network Advertising Initiative-webstedet<\/a> for at f\u00e5 yderligere oplysninger om interessebaseret annoncering. Du kan downloade AppChoices-appen fra <a href=\"https:\/\/youradchoices.com\/appchoices\" target=\"_blank\" rel=\"noreferrer noopener\">Digital Advertising Alliance&#8217;s AppChoices-appsite<\/a> for at frav\u00e6lge mobilapp-annoncering eller bruge platformskontrollerne p\u00e5 din mobilenhed til at frav\u00e6lge interessebaseret annoncering.<\/p>\n\n<p>For specifikke oplysninger om Mediavines partnere, de data, de indsamler, og deres dataindsamlings- og privatlivspolitikker, bes\u00f8g venligst <a href=\"https:\/\/www.mediavine.com\/ad-partners\/\" target=\"_blank\" rel=\"noreferrer noopener\">Mediavine Partners<\/a> hjemmeside.<\/p>\n\n<h2 class=\"wp-block-heading\">Vilk\u00e5r og betingelser for brug<\/h2>\n\n<h3 class=\"wp-block-heading\">Vores tjenester<\/h3>\n\n<p>Vi kan ikke holdes ansvarlige for forsinkelser eller afbrydelser p\u00e5 hjemmesiden.\nVi g\u00f8r en kommercielt rimelig indsats for at minimere forsinkelser og afbrydelser.\nIkke desto mindre kan vi ikke garantere, at webstedet vil v\u00e6re tilg\u00e6ngeligt hele tiden eller p\u00e5 bestemte tidspunkter.  <\/p>\n\n<p>Vi kan til enhver tid og uden at informere dig deaktivere hele eller dele af webstedet.\nVi kan dog ikke holdes ansvarlige for eventuelle tab, omkostninger, skader eller forpligtelser som f\u00f8lge af nedlukningen af hjemmesiden. <\/p>\n\n<h3 class=\"wp-block-heading\">Forbudt adf\u00e6rd<\/h3>\n\n<p>I forhold til denne hjemmeside m\u00e5 du ikke :<\/p>\n\n<ul class=\"wp-block-list\">\n<li>Bruge hjemmesiden til nogen aktiviteter eller sende eller overf\u00f8re via hjemmesiden nogen oplysninger eller materialer, der overtr\u00e6der nogen love eller bestemmelser, kr\u00e6nker tredjeparts rettigheder eller er i strid med g\u00e6ldende standarder eller koder;<\/li>\n\n\n\n<li>Bruge webstedet til at sende eller overf\u00f8re materiale, der forstyrrer andre brugere eller \u00e6rekr\u00e6nker, chikanerer, truer, forn\u00e6rmer eller begr\u00e6nser eller forhindrer nogen bruger i at f\u00e5 adgang til webstedet eller internettet;<\/li>\n\n\n\n<li>Brug af hjemmesiden til at sende uopfordrede elektroniske beskeder;<\/li>\n\n\n\n<li>manipulere med, forstyrre eller \u00e6ndre hjemmesiden p\u00e5 nogen som helst m\u00e5de;<\/li>\n\n\n\n<li>bevidst overf\u00f8re virus eller andre invaliderende funktioner til eller via hjemmesiden; eller<\/li>\n\n\n\n<li>Fors\u00f8g p\u00e5 at udf\u00f8re nogen af de ovenn\u00e6vnte handlinger eller at lette eller hj\u00e6lpe en anden person med at udf\u00f8re nogen af de ovenn\u00e6vnte handlinger.<\/li>\n<\/ul>\n\n<h3 class=\"wp-block-heading\">Intellektuel ejendomsret<\/h3>\n\n<p>Materialet p\u00e5 hjemmesiden, herunder software, design, tekst, billeder og grafik, der er inkluderet p\u00e5 hjemmesiden, og udv\u00e6lgelsen og arrangementet af hjemmesiden tilh\u00f8rer Maroc Lovers.<\/p>\n\n<p>Din brug af webstedet giver dig ikke nogen licens eller ret til at bruge nogen af de varem\u00e6rker eller logoer, registrerede eller uregistrerede, der er synlige p\u00e5 webstedet uden udtrykkelig skriftlig tilladelse fra varem\u00e6rkeejeren.<\/p>\n\n<p>Vi ejer ophavsretten til alle kreative eller litter\u00e6re v\u00e6rker, der vises p\u00e5 hjemmesiden.<\/p>\n\n<p>Du m\u00e5 ikke :<\/p>\n\n<ul class=\"wp-block-list\">\n<li>Reproducere eller bruge nogen af elementerne p\u00e5 hjemmesiden til kommercielle eller ikke-kommercielle form\u00e5l, herunder salg;<\/li>\n\n\n\n<li>p\u00e5 nogen m\u00e5de \u00e6ndre elementerne p\u00e5 hjemmesiden; eller<\/li>\n\n\n\n<li>Handle p\u00e5 en s\u00e5dan m\u00e5de, at nogen af elementerne p\u00e5 hjemmesiden kan blive fanget eller inkorporeret i en anden hjemmeside.<\/li>\n<\/ul>\n\n<p>Kort sagt m\u00e5 du ikke \u00e6ndre, kopiere, reproducere, genudgive, frame, uploade til en tredjepart, sende, transmittere eller distribuere indholdet p\u00e5 hjemmesiden p\u00e5 nogen m\u00e5de, medmindre det udtrykkeligt er tilladt af os eller udtrykkeligt godkendt af os skriftligt.<\/p>\n\n<p>Hvis du g\u00f8r noget af ovenst\u00e5ende, vil jeg ikke t\u00f8ve med at h\u00e5ndh\u00e6ve vores intellektuelle ejendomsrettigheder over for dig.<\/p>\n\n<h3 class=\"wp-block-heading\"><strong>Kun generel information<\/strong><\/h3>\n\n<p>Vores hensigt med oplysningerne p\u00e5 vores hjemmeside er blot at give et overblik over interessante steder.\nOplysningerne p\u00e5 vores hjemmeside er ikke beregnet til at v\u00e6re udt\u00f8mmende, og de udg\u00f8r heller ikke r\u00e5dgivning eller anbefalinger af nogen art.\nVi fors\u00f8ger at sikre, at indholdet er opdateret og korrekt, men vi kan ikke garantere dets gyldighed og n\u00f8jagtighed.\nDu b\u00f8r foretage din egen research og\/eller s\u00f8ge din egen information, f\u00f8r du handler eller stoler p\u00e5 nogen information p\u00e5 vores hjemmeside.   <\/p>\n\n<h3 class=\"wp-block-heading\"><strong>Links til tredjeparter<\/strong><\/h3>\n\n<p>Hjemmesiden kan indeholde hypertekstlinks og andre henvisninger til hjemmesider, der drives af tredjeparter (linkede hjemmesider).\nVi kontrollerer ikke nogen linkede hjemmesider og er derfor ikke ansvarlige for indholdet af den linkede hjemmeside eller nogen hypertekstlinks, der findes p\u00e5 den linkede hjemmeside.\nVi leverer kun hypertekstlinkene for din bekvemmelighed og angiver ikke, udtrykkeligt eller underforst\u00e5et, nogen godkendelse, sponsorering eller godkendelse fra os af nogen linket hjemmeside eller de produkter eller tjenester, der tilbydes af de linkede hjemmesider.  <\/p>\n\n<p>Du bes\u00f8ger de linkede hjemmesider helt p\u00e5 egen risiko.<\/p>\n\n<p>Vi giver ingen garanti eller p\u00e5tager os noget ansvar for alle aspekter af linkede hjemmesider og deres indhold.<\/p>\n\n<p>Du b\u00f8r selv unders\u00f8ge egnetheden af de varer og\/eller tjenester, der tilbydes dig via en linket hjemmeside.<\/p>\n\n<h3 class=\"wp-block-heading\">Kompensation<\/h3>\n\n<p>Ved at bruge webstedet accepterer <strong>du<\/strong>at holde os skadesl\u00f8se fra og mod alle handlinger, krav, retssager, krav, skader og for forpligtelser, omkostninger eller udgifter (uanset om det er i erstatning eller i kontrakt, herunder, uden begr\u00e6nsning, uagtsomhed), der opst\u00e5r som f\u00f8lge af eller i forbindelse med din brug af webstedet.<\/p>\n\n<hr class=\"wp-block-separator has-alpha-channel-opacity\"\/>\n\n<h2 class=\"wp-block-heading\" id=\"tab-con-1\">Offentligg\u00f8relse<\/h2>\n\n<h3 class=\"wp-block-heading\">Partnerskaber<\/h3>\n\n<p>Maroc Lovers arbejder <strong>ikke<\/strong> med brands <strong>eller<\/strong> turistkontorer.<\/p>\n\n<p>Maroc Lovers vil altid give sin sande mening om sine opdagelser, overbevisninger og erfaringer om disse emner. De synspunkter og meninger, der kommer til udtryk p\u00e5 denne blog, tilh\u00f8rer deres respektive forfattere. Enhver erkl\u00e6ring om et produkt, en tjeneste eller en anden genstand skal verificeres hos producenten, leverand\u00f8ren eller den person, der er ansvarlig for det p\u00e5g\u00e6ldende emne.<\/p>\n\n<h3 class=\"wp-block-heading\"><strong>Tilknyttede links<\/strong><\/h3>\n\n<p>I nogle tilf\u00e6lde kan vi inkludere affiliate-links i visse indl\u00e6g, hvor vi anbefaler specifikke produkter eller tjenester.\nHvis du k\u00f8ber noget gennem et af disse affiliate-links, modtager vi en lille provision uden ekstra omkostninger for dig. <\/p>\n\n<p>Maroc Lovers deltager i Amazons EU, US, UK, CA Partner Programmes, som er affiliate-programmer, der er designet til at g\u00f8re det muligt for websteder at tjene penge ved at linke til Amazon.<\/p>\n\n<hr class=\"wp-block-separator has-alpha-channel-opacity\"\/>\n\n<h2 class=\"wp-block-heading\" id=\"tab-con-7\">Kontakt<\/h2>\n\n<p><a href=\"https:\/\/maroclovers.com\/da\/kontakt\/\">Se kontaktformularen<\/a><\/p>\n","protected":false},"excerpt":{"rendered":"<p>F\u00f8lgende politikker kan \u00e6ndres uden varsel. De blev sidst opdateret den 2. april 2026. Hvis du har sp\u00f8rgsm\u00e5l, bedes du kontakte os via formularen nederst p\u00e5 siden. Juridisk information Udgiver og leder af webstedet : Claire Robinson &#8211; 76600 Le Havre &#8211; Claire(at)regionlovers.fr V\u00e6rt af : WP Engine &#8211; Texas &#8211; USA &#8211; Kontakt Virksomhed [&hellip;]<\/p>\n","protected":false},"author":1,"featured_media":0,"parent":0,"menu_order":0,"comment_status":"closed","ping_status":"open","template":"","meta":{"_genesis_hide_title":false,"_genesis_hide_breadcrumbs":false,"_genesis_hide_singular_image":false,"_genesis_hide_footer_widgets":false,"_genesis_custom_body_class":"","_genesis_custom_post_class":"","_genesis_layout":"","footnotes":""},"class_list":{"0":"post-233","1":"page","2":"type-page","3":"status-publish","5":"entry"},"yoast_head":"<!-- This site is optimized with the Yoast SEO plugin v27.2 - https:\/\/yoast.com\/product\/yoast-seo-wordpress\/ -->\n<title>Juridisk meddelelse, brugsbetingelser og privatlivspolitik<\/title>\n<meta name=\"description\" content=\"Juridisk meddelelse, brugsbetingelser og privatlivspolitik - de Region Lovers\" \/>\n<meta name=\"robots\" content=\"index, follow, max-snippet:-1, max-image-preview:large, max-video-preview:-1\" \/>\n<link rel=\"canonical\" href=\"https:\/\/maroclovers.com\/da\/politik\/\" \/>\n<meta property=\"og:locale\" content=\"da_DK\" \/>\n<meta property=\"og:type\" content=\"article\" \/>\n<meta property=\"og:title\" content=\"Juridisk meddelelse, brugsbetingelser og privatlivspolitik\" \/>\n<meta property=\"og:description\" content=\"Juridisk meddelelse, brugsbetingelser og privatlivspolitik - de Region Lovers\" \/>\n<meta property=\"og:url\" content=\"https:\/\/maroclovers.com\/da\/politik\/\" \/>\n<meta property=\"og:site_name\" content=\"Maroc Lovers\" \/>\n<meta property=\"article:modified_time\" content=\"2026-04-16T18:00:15+00:00\" \/>\n<meta name=\"twitter:card\" content=\"summary_large_image\" \/>\n<meta name=\"twitter:label1\" content=\"Est. reading time\" \/>\n\t<meta name=\"twitter:data1\" content=\"10 minutter\" \/>\n<script type=\"application\/ld+json\" class=\"yoast-schema-graph\">{\"@context\":\"https:\/\/schema.org\",\"@graph\":[{\"@type\":\"WebPage\",\"@id\":\"https:\/\/maroclovers.com\/da\/politik\/\",\"url\":\"https:\/\/maroclovers.com\/da\/politik\/\",\"name\":\"Juridisk meddelelse, brugsbetingelser og privatlivspolitik\",\"isPartOf\":{\"@id\":\"https:\/\/maroclovers.com\/da\/#website\"},\"datePublished\":\"2025-01-03T15:03:21+00:00\",\"dateModified\":\"2026-04-16T18:00:15+00:00\",\"description\":\"Juridisk meddelelse, brugsbetingelser og privatlivspolitik - de Region Lovers\",\"breadcrumb\":{\"@id\":\"https:\/\/maroclovers.com\/da\/politik\/#breadcrumb\"},\"inLanguage\":\"da-DK\",\"potentialAction\":[{\"@type\":\"ReadAction\",\"target\":[\"https:\/\/maroclovers.com\/da\/politik\/\"]}]},{\"@type\":\"BreadcrumbList\",\"@id\":\"https:\/\/maroclovers.com\/da\/politik\/#breadcrumb\",\"itemListElement\":[{\"@type\":\"ListItem\",\"position\":1,\"name\":\"Home\",\"item\":\"https:\/\/maroclovers.com\/da\/\"},{\"@type\":\"ListItem\",\"position\":2,\"name\":\"Juridisk meddelelse, brugsbetingelser og privatlivspolitik\"}]},{\"@type\":\"WebSite\",\"@id\":\"https:\/\/maroclovers.com\/da\/#website\",\"url\":\"https:\/\/maroclovers.com\/da\/\",\"name\":\"Maroc Lovers\",\"description\":\"\",\"publisher\":{\"@id\":\"https:\/\/maroclovers.com\/da\/#organization\"},\"potentialAction\":[{\"@type\":\"SearchAction\",\"target\":{\"@type\":\"EntryPoint\",\"urlTemplate\":\"https:\/\/maroclovers.com\/da\/?s={search_term_string}\"},\"query-input\":{\"@type\":\"PropertyValueSpecification\",\"valueRequired\":true,\"valueName\":\"search_term_string\"}}],\"inLanguage\":\"da-DK\"},{\"@type\":\"Organization\",\"@id\":\"https:\/\/maroclovers.com\/da\/#organization\",\"name\":\"Maroc Lovers\",\"url\":\"https:\/\/maroclovers.com\/da\/\",\"logo\":{\"@type\":\"ImageObject\",\"inLanguage\":\"da-DK\",\"@id\":\"https:\/\/maroclovers.com\/da\/#\/schema\/logo\/image\/\",\"url\":\"https:\/\/maroclovers.com\/wp-content\/uploads\/2025\/01\/Maroc-Lovers-Logos-RVB_Principal-bicolore.png\",\"contentUrl\":\"https:\/\/maroclovers.com\/wp-content\/uploads\/2025\/01\/Maroc-Lovers-Logos-RVB_Principal-bicolore.png\",\"width\":2305,\"height\":746,\"caption\":\"Maroc Lovers\"},\"image\":{\"@id\":\"https:\/\/maroclovers.com\/da\/#\/schema\/logo\/image\/\"}}]}<\/script>\n<!-- \/ Yoast SEO plugin. -->","yoast_head_json":{"title":"Juridisk meddelelse, brugsbetingelser og privatlivspolitik","description":"Juridisk meddelelse, brugsbetingelser og privatlivspolitik - de Region Lovers","robots":{"index":"index","follow":"follow","max-snippet":"max-snippet:-1","max-image-preview":"max-image-preview:large","max-video-preview":"max-video-preview:-1"},"canonical":"https:\/\/maroclovers.com\/da\/politik\/","og_locale":"da_DK","og_type":"article","og_title":"Juridisk meddelelse, brugsbetingelser og privatlivspolitik","og_description":"Juridisk meddelelse, brugsbetingelser og privatlivspolitik - de Region Lovers","og_url":"https:\/\/maroclovers.com\/da\/politik\/","og_site_name":"Maroc Lovers","article_modified_time":"2026-04-16T18:00:15+00:00","twitter_card":"summary_large_image","twitter_misc":{"Est. reading time":"10 minutter"},"schema":{"@context":"https:\/\/schema.org","@graph":[{"@type":"WebPage","@id":"https:\/\/maroclovers.com\/da\/politik\/","url":"https:\/\/maroclovers.com\/da\/politik\/","name":"Juridisk meddelelse, brugsbetingelser og privatlivspolitik","isPartOf":{"@id":"https:\/\/maroclovers.com\/da\/#website"},"datePublished":"2025-01-03T15:03:21+00:00","dateModified":"2026-04-16T18:00:15+00:00","description":"Juridisk meddelelse, brugsbetingelser og privatlivspolitik - de Region Lovers","breadcrumb":{"@id":"https:\/\/maroclovers.com\/da\/politik\/#breadcrumb"},"inLanguage":"da-DK","potentialAction":[{"@type":"ReadAction","target":["https:\/\/maroclovers.com\/da\/politik\/"]}]},{"@type":"BreadcrumbList","@id":"https:\/\/maroclovers.com\/da\/politik\/#breadcrumb","itemListElement":[{"@type":"ListItem","position":1,"name":"Home","item":"https:\/\/maroclovers.com\/da\/"},{"@type":"ListItem","position":2,"name":"Juridisk meddelelse, brugsbetingelser og privatlivspolitik"}]},{"@type":"WebSite","@id":"https:\/\/maroclovers.com\/da\/#website","url":"https:\/\/maroclovers.com\/da\/","name":"Maroc Lovers","description":"","publisher":{"@id":"https:\/\/maroclovers.com\/da\/#organization"},"potentialAction":[{"@type":"SearchAction","target":{"@type":"EntryPoint","urlTemplate":"https:\/\/maroclovers.com\/da\/?s={search_term_string}"},"query-input":{"@type":"PropertyValueSpecification","valueRequired":true,"valueName":"search_term_string"}}],"inLanguage":"da-DK"},{"@type":"Organization","@id":"https:\/\/maroclovers.com\/da\/#organization","name":"Maroc Lovers","url":"https:\/\/maroclovers.com\/da\/","logo":{"@type":"ImageObject","inLanguage":"da-DK","@id":"https:\/\/maroclovers.com\/da\/#\/schema\/logo\/image\/","url":"https:\/\/maroclovers.com\/wp-content\/uploads\/2025\/01\/Maroc-Lovers-Logos-RVB_Principal-bicolore.png","contentUrl":"https:\/\/maroclovers.com\/wp-content\/uploads\/2025\/01\/Maroc-Lovers-Logos-RVB_Principal-bicolore.png","width":2305,"height":746,"caption":"Maroc Lovers"},"image":{"@id":"https:\/\/maroclovers.com\/da\/#\/schema\/logo\/image\/"}}]}},"featured_image_src":null,"featured_image_src_square":null,"_links":{"self":[{"href":"https:\/\/maroclovers.com\/da\/wp-json\/wp\/v2\/pages\/233","targetHints":{"allow":["GET"]}}],"collection":[{"href":"https:\/\/maroclovers.com\/da\/wp-json\/wp\/v2\/pages"}],"about":[{"href":"https:\/\/maroclovers.com\/da\/wp-json\/wp\/v2\/types\/page"}],"author":[{"embeddable":true,"href":"https:\/\/maroclovers.com\/da\/wp-json\/wp\/v2\/users\/1"}],"replies":[{"embeddable":true,"href":"https:\/\/maroclovers.com\/da\/wp-json\/wp\/v2\/comments?post=233"}],"version-history":[{"count":0,"href":"https:\/\/maroclovers.com\/da\/wp-json\/wp\/v2\/pages\/233\/revisions"}],"wp:attachment":[{"href":"https:\/\/maroclovers.com\/da\/wp-json\/wp\/v2\/media?parent=233"}],"curies":[{"name":"wp","href":"https:\/\/api.w.org\/{rel}","templated":true}]}}